{"id":739,"date":"2023-07-28T14:27:24","date_gmt":"2023-07-28T12:27:24","guid":{"rendered":"https:\/\/wrm.ntx-research.com\/index.php\/portfolio\/"},"modified":"2025-03-03T12:05:16","modified_gmt":"2025-03-03T11:05:16","slug":"portfolio","status":"publish","type":"page","link":"https:\/\/wrm.ntx-research.com\/index.php\/portfolio\/","title":{"rendered":"\u00c9crans de Win RGPD Manager"},"content":{"rendered":"\n<p class=\"has-text-align-center\">Fen\u00eatre principale du logiciel<\/p>\n\n\n\n<figure class=\"wp-block-image size-full\"><img fetchpriority=\"high\" decoding=\"async\" width=\"898\" height=\"606\" src=\"https:\/\/wrm.ntx-research.com\/wp-content\/uploads\/2019\/02\/WRM_Accueil_20190204.png\" alt=\"\" class=\"wp-image-622\" srcset=\"https:\/\/wrm.ntx-research.com\/wp-content\/uploads\/2019\/02\/WRM_Accueil_20190204.png 898w, https:\/\/wrm.ntx-research.com\/wp-content\/uploads\/2019\/02\/WRM_Accueil_20190204-300x202.png 300w, https:\/\/wrm.ntx-research.com\/wp-content\/uploads\/2019\/02\/WRM_Accueil_20190204-768x518.png 768w\" sizes=\"(max-width: 898px) 100vw, 898px\" \/><\/figure>\n\n\n\n<p class=\"has-text-align-center\">***<\/p>\n\n\n\n<p class=\"has-text-align-center\">Menu Cartographie du Syst\u00e8me d&rsquo;Information<\/p>\n\n\n\n<figure class=\"wp-block-image size-full\"><img decoding=\"async\" width=\"922\" height=\"575\" src=\"https:\/\/wrm.ntx-research.com\/wp-content\/uploads\/2019\/02\/WRM_Module_SI.png\" alt=\"\" class=\"wp-image-640\" srcset=\"https:\/\/wrm.ntx-research.com\/wp-content\/uploads\/2019\/02\/WRM_Module_SI.png 922w, https:\/\/wrm.ntx-research.com\/wp-content\/uploads\/2019\/02\/WRM_Module_SI-300x187.png 300w, https:\/\/wrm.ntx-research.com\/wp-content\/uploads\/2019\/02\/WRM_Module_SI-768x479.png 768w\" sizes=\"(max-width: 922px) 100vw, 922px\" \/><\/figure>\n\n\n\n<p class=\"has-text-align-center\">***<\/p>\n\n\n\n<p class=\"has-text-align-center\">Menu RGPD et s\u00e9curit\u00e9<\/p>\n\n\n\n<figure class=\"wp-block-image size-full\"><img decoding=\"async\" width=\"873\" height=\"576\" src=\"https:\/\/wrm.ntx-research.com\/wp-content\/uploads\/2019\/02\/WRM_Module_Securite.png\" alt=\"\" class=\"wp-image-639\" srcset=\"https:\/\/wrm.ntx-research.com\/wp-content\/uploads\/2019\/02\/WRM_Module_Securite.png 873w, https:\/\/wrm.ntx-research.com\/wp-content\/uploads\/2019\/02\/WRM_Module_Securite-300x198.png 300w, https:\/\/wrm.ntx-research.com\/wp-content\/uploads\/2019\/02\/WRM_Module_Securite-768x507.png 768w\" sizes=\"(max-width: 873px) 100vw, 873px\" \/><\/figure>\n\n\n\n<p class=\"has-text-align-center\">***<\/p>\n\n\n\n<p class=\"has-text-align-center\">Le diagramme de l&rsquo;Entreprise repr\u00e9sente les \u00e9l\u00e9ments principaux du SI sous forme arborescente<\/p>\n\n\n\n<figure class=\"wp-block-image size-full\"><img loading=\"lazy\" decoding=\"async\" width=\"802\" height=\"600\" src=\"https:\/\/wrm.ntx-research.com\/wp-content\/uploads\/2018\/12\/Diagramme_entreprise.png\" alt=\"\" class=\"wp-image-551\" srcset=\"https:\/\/wrm.ntx-research.com\/wp-content\/uploads\/2018\/12\/Diagramme_entreprise.png 802w, https:\/\/wrm.ntx-research.com\/wp-content\/uploads\/2018\/12\/Diagramme_entreprise-300x224.png 300w, https:\/\/wrm.ntx-research.com\/wp-content\/uploads\/2018\/12\/Diagramme_entreprise-768x575.png 768w, https:\/\/wrm.ntx-research.com\/wp-content\/uploads\/2018\/12\/Diagramme_entreprise-285x214.png 285w\" sizes=\"(max-width: 802px) 100vw, 802px\" \/><\/figure>\n\n\n\n<p class=\"has-text-align-center\">***<\/p>\n","protected":false},"excerpt":{"rendered":"<p>Fen\u00eatre principale du logiciel *** Menu Cartographie du Syst\u00e8me d&rsquo;Information *** Menu RGPD et s\u00e9curit\u00e9 *** Le diagramme de l&rsquo;Entreprise repr\u00e9sente les \u00e9l\u00e9ments principaux du SI sous forme arborescente ***<\/p>\n","protected":false},"author":2,"featured_media":0,"parent":0,"menu_order":0,"comment_status":"closed","ping_status":"closed","template":"","meta":{"_vp_format_video_url":"","_vp_image_focal_point":[],"footnotes":""},"class_list":["post-739","page","type-page","status-publish","hentry"],"aioseo_notices":[],"_links":{"self":[{"href":"https:\/\/wrm.ntx-research.com\/index.php\/wp-json\/wp\/v2\/pages\/739","targetHints":{"allow":["GET"]}}],"collection":[{"href":"https:\/\/wrm.ntx-research.com\/index.php\/wp-json\/wp\/v2\/pages"}],"about":[{"href":"https:\/\/wrm.ntx-research.com\/index.php\/wp-json\/wp\/v2\/types\/page"}],"author":[{"embeddable":true,"href":"https:\/\/wrm.ntx-research.com\/index.php\/wp-json\/wp\/v2\/users\/2"}],"replies":[{"embeddable":true,"href":"https:\/\/wrm.ntx-research.com\/index.php\/wp-json\/wp\/v2\/comments?post=739"}],"version-history":[{"count":7,"href":"https:\/\/wrm.ntx-research.com\/index.php\/wp-json\/wp\/v2\/pages\/739\/revisions"}],"predecessor-version":[{"id":767,"href":"https:\/\/wrm.ntx-research.com\/index.php\/wp-json\/wp\/v2\/pages\/739\/revisions\/767"}],"wp:attachment":[{"href":"https:\/\/wrm.ntx-research.com\/index.php\/wp-json\/wp\/v2\/media?parent=739"}],"curies":[{"name":"wp","href":"https:\/\/api.w.org\/{rel}","templated":true}]}}