{"id":334,"date":"2015-03-27T12:55:07","date_gmt":"2015-03-27T11:55:07","guid":{"rendered":"http:\/\/joocool.com\/wp3\/?page_id=4"},"modified":"2018-12-17T14:36:49","modified_gmt":"2018-12-17T14:36:49","slug":"fonctions-du-logiciel","status":"publish","type":"page","link":"https:\/\/wrm.ntx-research.com\/","title":{"rendered":"Fonctions du logiciel Win RGPD Manager"},"content":{"rendered":"\n<p><strong>Win RGPD Manager<\/strong> propose de nombreuses fonctionnalit\u00e9s pour g\u00e9rer efficacement la mise en conformit\u00e9 de l&rsquo;entreprise au RGPD :<\/p>\n\n\n\n<p>Les principales fonctionnalit\u00e9s du logiciel <strong>Win RGPD Manager<\/strong> sont :<\/p>\n\n\n\n<p><span style=\"color: #5b9bd5;\">Juridique et conformit\u00e9<\/span><br>&gt; Pr\u00e9sentation des consid\u00e9rants et des articles du RGPD.<br>&gt; Pr\u00e9sentation de la Loi n\u00b078-17 du 6 janvier 1978 relative \u00e0 l&rsquo;informatique, aux fichiers et aux libert\u00e9s, version consolid\u00e9e en juin 2018.<br>&gt; Pr\u00e9sentation d\u2019un r\u00e9f\u00e9rentiel juridique dynamique par mot cl\u00e9.<br>&gt; Gestion des 6 \u00e9tapes de mise en conformit\u00e9 pr\u00e9conis\u00e9es par la CNIL.<br>&gt; Gestion des jalons correspondant \u00e0 ces 6 \u00e9tapes.<br>&gt; Gestion des sous-\u00e9tapes correspondant \u00e0 ces 6 \u00e9tapes.<br>&gt; Gestion des actions correspondant \u00e0 ces sous-\u00e9tapes. <br>&gt; Gestion du pourcentage de r\u00e9alisation des sous-\u00e9tapes. <br>&gt; Tableau de bord de l&rsquo;avancement des \u00e9tapes et sous-\u00e9tapes.<br>&gt; Description de l\u2019environnement li\u00e9 \u00e0 l\u2019activit\u00e9 de l\u2019entreprise (autres entreprises et contacts). <br>&gt; Gestion des formations pour l&rsquo;entreprise sur le RGPD.<br><\/p>\n\n\n\n<p><span style=\"color: #5b9bd5;\">Syst\u00e8me d&rsquo;Information et cartographie des donn\u00e9es<\/span><br>&gt; Mod\u00e9lisation du syst\u00e8me d\u2019information de l\u2019entreprise : lieux, ordinateurs, logiciels, fichiers\u2026<br>&gt; Cartographie des donn\u00e9es de l\u2019entreprise (documents, donn\u00e9es et donn\u00e9es personnelles) et de leurs traitements.<br>&gt; Registre dynamique des activit\u00e9s de traitement (document essentiel pour la CNIL).<br>&gt; Enregistrement des demandes d&rsquo;acc\u00e8s aux donn\u00e9es personnelles, de rectification, d&rsquo;effacement et d&rsquo;opposition. <br>&gt; Gestion des audits r\u00e9alis\u00e9s dans l&rsquo;entreprise sur la conformit\u00e9 au RGPD.<br><\/p>\n\n\n\n<p><span style=\"color: #5b9bd5;\">Protection des donn\u00e9es et s\u00e9curit\u00e9 du syst\u00e8me d&rsquo;information<\/span><br>> Gestion des mesures de s\u00e9curit\u00e9 appliqu\u00e9es dans le cadre de ces traitements (activit\u00e9s).<br>> R\u00e9f\u00e9rentiel sur la protection des donn\u00e9es personnelles (traitements \u00e0 risque, protection de la vie priv\u00e9e&#8230;).<br>> R\u00e9f\u00e9rentiel complet sur la s\u00e9curit\u00e9 (menaces, objectifs, fonctions, mesures, outils, principes de s\u00e9curit\u00e9).<br>> Enregistrement des incidents et violations de donn\u00e9es personnelles.<\/p>\n\n\n\n<p><span style=\"color: #5b9bd5;\">Outils<\/span><br>&gt; Mod\u00e8les de texte \u00e0 personnaliser applicables \u00e0 l\u2019information des tiers : politique de confidentialit\u00e9, CGV, contrat sous-traitant, recueil du consentement, &#8230;<br>&gt; Tri, recherche, filtre sur toutes les tables (&#8230;)<br>&gt; Recherche individuelle sur toutes les fiches (&#8230;)<br>&gt; Exportation des donn\u00e9es au format tableur Excel de Microsoft.<br>&gt; Exportation des donn\u00e9es aux formats Word et XML<\/p>\n\n\n\n<div class=\"wp-block-image\"><figure class=\"aligncenter\"><img decoding=\"async\" width=\"150\" height=\"150\" src=\"https:\/\/wrm.ntx-research.com\/wp-content\/uploads\/2018\/10\/rgpd_istock-150x150.png\" alt=\"\" class=\"wp-image-444\" srcset=\"https:\/\/wrm.ntx-research.com\/wp-content\/uploads\/2018\/10\/rgpd_istock-150x150.png 150w, https:\/\/wrm.ntx-research.com\/wp-content\/uploads\/2018\/10\/rgpd_istock-300x300.png 300w, https:\/\/wrm.ntx-research.com\/wp-content\/uploads\/2018\/10\/rgpd_istock-100x100.png 100w, https:\/\/wrm.ntx-research.com\/wp-content\/uploads\/2018\/10\/rgpd_istock-250x250.png 250w, https:\/\/wrm.ntx-research.com\/wp-content\/uploads\/2018\/10\/rgpd_istock-174x174.png 174w, https:\/\/wrm.ntx-research.com\/wp-content\/uploads\/2018\/10\/rgpd_istock.png 480w\" sizes=\"(max-width: 150px) 100vw, 150px\" \/><\/figure><\/div>\n","protected":false},"excerpt":{"rendered":"<p>Win RGPD Manager propose de nombreuses fonctionnalit\u00e9s pour g\u00e9rer efficacement la mise en conformit\u00e9 de l&rsquo;entreprise au RGPD : Les principales fonctionnalit\u00e9s du logiciel Win RGPD Manager sont : Juridique et conformit\u00e9&gt; Pr\u00e9sentation des consid\u00e9rants et des articles du RGPD.&gt; Pr\u00e9sentation de la Loi n\u00b078-17 du 6 janvier 1978 relative \u00e0 l&rsquo;informatique, aux fichiers et [&hellip;]<\/p>\n","protected":false},"author":1,"featured_media":0,"parent":0,"menu_order":0,"comment_status":"closed","ping_status":"closed","template":"","meta":{"_vp_format_video_url":"","_vp_image_focal_point":[],"footnotes":""},"class_list":["post-334","page","type-page","status-publish","hentry"],"aioseo_notices":[],"_links":{"self":[{"href":"https:\/\/wrm.ntx-research.com\/index.php\/wp-json\/wp\/v2\/pages\/334","targetHints":{"allow":["GET"]}}],"collection":[{"href":"https:\/\/wrm.ntx-research.com\/index.php\/wp-json\/wp\/v2\/pages"}],"about":[{"href":"https:\/\/wrm.ntx-research.com\/index.php\/wp-json\/wp\/v2\/types\/page"}],"author":[{"embeddable":true,"href":"https:\/\/wrm.ntx-research.com\/index.php\/wp-json\/wp\/v2\/users\/1"}],"replies":[{"embeddable":true,"href":"https:\/\/wrm.ntx-research.com\/index.php\/wp-json\/wp\/v2\/comments?post=334"}],"version-history":[{"count":12,"href":"https:\/\/wrm.ntx-research.com\/index.php\/wp-json\/wp\/v2\/pages\/334\/revisions"}],"predecessor-version":[{"id":609,"href":"https:\/\/wrm.ntx-research.com\/index.php\/wp-json\/wp\/v2\/pages\/334\/revisions\/609"}],"wp:attachment":[{"href":"https:\/\/wrm.ntx-research.com\/index.php\/wp-json\/wp\/v2\/media?parent=334"}],"curies":[{"name":"wp","href":"https:\/\/api.w.org\/{rel}","templated":true}]}}