{"id":19,"date":"2015-03-27T13:04:12","date_gmt":"2015-03-27T12:04:12","guid":{"rendered":"http:\/\/joocool.com\/wp3\/?page_id=19"},"modified":"2026-01-20T18:09:02","modified_gmt":"2026-01-20T17:09:02","slug":"accueil","status":"publish","type":"page","link":"https:\/\/wrm.ntx-research.com\/index.php\/accueil\/","title":{"rendered":"Accueil"},"content":{"rendered":"<p>G\u00e9rez la mise en conformit\u00e9 de votre entreprise au RGPD de fa\u00e7on efficace, fiable et en toute simplicit\u00e9 !<\/p>\n<p><img fetchpriority=\"high\" decoding=\"async\" class=\"aligncenter wp-image-622 size-medium\" src=\"https:\/\/wrm.ntx-research.com\/wp-content\/uploads\/2019\/02\/WRM_Accueil_20190204-300x202.png\" alt=\"\" width=\"300\" height=\"202\" srcset=\"https:\/\/wrm.ntx-research.com\/wp-content\/uploads\/2019\/02\/WRM_Accueil_20190204-300x202.png 300w, https:\/\/wrm.ntx-research.com\/wp-content\/uploads\/2019\/02\/WRM_Accueil_20190204-768x518.png 768w, https:\/\/wrm.ntx-research.com\/wp-content\/uploads\/2019\/02\/WRM_Accueil_20190204.png 898w\" sizes=\"(max-width: 300px) 100vw, 300px\" \/><\/p>\n<p>D\u00e9couvrez <strong>Win RGPD Manager<\/strong>, le logiciel con\u00e7u et r\u00e9alis\u00e9 pour aider les DPO, organis\u00e9 en trois modules pour plus d&rsquo;efficacit\u00e9 :<br \/>\n&gt; Juridique et conformit\u00e9<br \/>\n&gt; Cartographie des donn\u00e9es et mod\u00e9lisation du syst\u00e8me d&rsquo;information<br \/>\n&gt; Protection des donn\u00e9es personnelles et s\u00e9curit\u00e9 du syst\u00e8me d&rsquo;information<\/p>\n<p>&gt; Menu Conformit\u00e9<\/p>\n<p><img decoding=\"async\" class=\"aligncenter wp-image-638 size-medium\" src=\"https:\/\/wrm.ntx-research.com\/wp-content\/uploads\/2019\/02\/WRM_Module_Conformite-300x198.png\" alt=\"\" width=\"300\" height=\"198\" srcset=\"https:\/\/wrm.ntx-research.com\/wp-content\/uploads\/2019\/02\/WRM_Module_Conformite-300x198.png 300w, https:\/\/wrm.ntx-research.com\/wp-content\/uploads\/2019\/02\/WRM_Module_Conformite-768x508.png 768w, https:\/\/wrm.ntx-research.com\/wp-content\/uploads\/2019\/02\/WRM_Module_Conformite.png 873w\" sizes=\"(max-width: 300px) 100vw, 300px\" \/><\/p>\n<p>&gt; Menu Syst\u00e8me d&rsquo;Information et cartographie des donn\u00e9es<\/p>\n<p><img decoding=\"async\" class=\"aligncenter wp-image-640 size-medium\" src=\"https:\/\/wrm.ntx-research.com\/wp-content\/uploads\/2019\/02\/WRM_Module_SI-300x187.png\" alt=\"\" width=\"300\" height=\"187\" srcset=\"https:\/\/wrm.ntx-research.com\/wp-content\/uploads\/2019\/02\/WRM_Module_SI-300x187.png 300w, https:\/\/wrm.ntx-research.com\/wp-content\/uploads\/2019\/02\/WRM_Module_SI-768x479.png 768w, https:\/\/wrm.ntx-research.com\/wp-content\/uploads\/2019\/02\/WRM_Module_SI.png 922w\" sizes=\"(max-width: 300px) 100vw, 300px\" \/><\/p>\n<p>&gt; Menu Protection et s\u00e9curit\u00e9<\/p>\n<p><img loading=\"lazy\" decoding=\"async\" class=\"aligncenter wp-image-639 size-medium\" src=\"https:\/\/wrm.ntx-research.com\/wp-content\/uploads\/2019\/02\/WRM_Module_Securite-300x198.png\" alt=\"\" width=\"300\" height=\"198\" srcset=\"https:\/\/wrm.ntx-research.com\/wp-content\/uploads\/2019\/02\/WRM_Module_Securite-300x198.png 300w, https:\/\/wrm.ntx-research.com\/wp-content\/uploads\/2019\/02\/WRM_Module_Securite-768x507.png 768w, https:\/\/wrm.ntx-research.com\/wp-content\/uploads\/2019\/02\/WRM_Module_Securite.png 873w\" sizes=\"(max-width: 300px) 100vw, 300px\" \/><\/p>\n<p><strong>Win RGPD Manager<\/strong> a \u00e9t\u00e9 \u00e9labor\u00e9 et test\u00e9 en environnement de production avec une \u00e9quipe de professionnels du RGPD.<\/p>\n<p><strong>Win RGPD Manager<\/strong> \u00e9volue et vous propose toujours plus de fonctions et de facilit\u00e9s pour g\u00e9rer votre conformit\u00e9 RGPD.<\/p>\n","protected":false},"excerpt":{"rendered":"<p>G\u00e9rez la mise en conformit\u00e9 de votre entreprise au RGPD de fa\u00e7on efficace, fiable et en toute simplicit\u00e9 ! D\u00e9couvrez Win RGPD Manager, le logiciel con\u00e7u et r\u00e9alis\u00e9 pour aider les DPO, organis\u00e9 en trois modules pour plus d&rsquo;efficacit\u00e9 : &gt; Juridique et conformit\u00e9 &gt; Cartographie des donn\u00e9es et mod\u00e9lisation du syst\u00e8me d&rsquo;information &gt; Protection [&hellip;]<\/p>\n","protected":false},"author":1,"featured_media":0,"parent":0,"menu_order":0,"comment_status":"closed","ping_status":"closed","template":"","meta":{"_vp_format_video_url":"","_vp_image_focal_point":[],"footnotes":""},"class_list":["post-19","page","type-page","status-publish","hentry"],"aioseo_notices":[],"_links":{"self":[{"href":"https:\/\/wrm.ntx-research.com\/index.php\/wp-json\/wp\/v2\/pages\/19","targetHints":{"allow":["GET"]}}],"collection":[{"href":"https:\/\/wrm.ntx-research.com\/index.php\/wp-json\/wp\/v2\/pages"}],"about":[{"href":"https:\/\/wrm.ntx-research.com\/index.php\/wp-json\/wp\/v2\/types\/page"}],"author":[{"embeddable":true,"href":"https:\/\/wrm.ntx-research.com\/index.php\/wp-json\/wp\/v2\/users\/1"}],"replies":[{"embeddable":true,"href":"https:\/\/wrm.ntx-research.com\/index.php\/wp-json\/wp\/v2\/comments?post=19"}],"version-history":[{"count":8,"href":"https:\/\/wrm.ntx-research.com\/index.php\/wp-json\/wp\/v2\/pages\/19\/revisions"}],"predecessor-version":[{"id":642,"href":"https:\/\/wrm.ntx-research.com\/index.php\/wp-json\/wp\/v2\/pages\/19\/revisions\/642"}],"wp:attachment":[{"href":"https:\/\/wrm.ntx-research.com\/index.php\/wp-json\/wp\/v2\/media?parent=19"}],"curies":[{"name":"wp","href":"https:\/\/api.w.org\/{rel}","templated":true}]}}