{"id":13,"date":"2015-03-27T13:02:45","date_gmt":"2015-03-27T12:02:45","guid":{"rendered":"http:\/\/joocool.com\/wp3\/?page_id=13"},"modified":"2018-12-17T14:10:20","modified_gmt":"2018-12-17T14:10:20","slug":"contact","status":"publish","type":"page","link":"https:\/\/wrm.ntx-research.com\/index.php\/contact\/","title":{"rendered":"Contact"},"content":{"rendered":"<p>Contactez-nous pour voir une d\u00e9monstration de <strong>Win RGPD Manager<\/strong> :<\/p>\n<p>Par <strong>courriel<\/strong><br \/>\n&gt; Pour informations g\u00e9n\u00e9rales : <a href=\"mailto:ntx@ntx-research.com\">ntx@ntx-research.com<\/a><br \/>\n&gt; Pour pr\u00e9senter votre projet : <a href=\"mailto:pascal.thoniel@ntx-research.com\">pascal.thoniel@ntx-research.com<\/a><\/p>\n<p>Par <strong>t\u00e9l\u00e9phone<\/strong><br \/>\n&gt; Appelez Pascal Thoniel au +33 (0)6 60 51 01 08<\/p>\n<p>Par <strong>courrier postal<\/strong><br \/>\nNTX RESEARCH<br \/>\n111 AVENUE VICTOR HUGO<br \/>\n75116 PARIS<\/p>\n<hr \/>\n<p>Vous pouvez \u00e9galement nous faire parvenir un message en remplissant le <strong>formulaire<\/strong> ci-dessous :<\/p>\n\n<div class=\"wpcf7 no-js\" id=\"wpcf7-f28-o1\" lang=\"fr-FR\" dir=\"ltr\" data-wpcf7-id=\"28\">\n<div class=\"screen-reader-response\"><p role=\"status\" aria-live=\"polite\" aria-atomic=\"true\"><\/p> <ul><\/ul><\/div>\n<form action=\"\/index.php\/wp-json\/wp\/v2\/pages\/13#wpcf7-f28-o1\" method=\"post\" class=\"wpcf7-form init\" aria-label=\"Formulaire de contact\" novalidate=\"novalidate\" data-status=\"init\">\n<fieldset class=\"hidden-fields-container\"><input type=\"hidden\" name=\"_wpcf7\" value=\"28\" \/><input type=\"hidden\" name=\"_wpcf7_version\" value=\"6.1.5\" \/><input type=\"hidden\" name=\"_wpcf7_locale\" value=\"fr_FR\" \/><input type=\"hidden\" name=\"_wpcf7_unit_tag\" value=\"wpcf7-f28-o1\" \/><input type=\"hidden\" name=\"_wpcf7_container_post\" value=\"0\" \/><input type=\"hidden\" name=\"_wpcf7_posted_data_hash\" value=\"\" \/>\n<\/fieldset>\n<p>Votre nom ou votre pseudonyme (obligatoire)\n<\/p>\n<p><span class=\"wpcf7-form-control-wrap\" data-name=\"your-name\"><input size=\"40\" maxlength=\"400\" class=\"wpcf7-form-control wpcf7-text wpcf7-validates-as-required\" aria-required=\"true\" aria-invalid=\"false\" value=\"\" type=\"text\" name=\"your-name\" \/><\/span>\n<\/p>\n<p>Votre adresse courriel\/email (obligatoire)\n<\/p>\n<p><span class=\"wpcf7-form-control-wrap\" data-name=\"your-email\"><input size=\"40\" maxlength=\"400\" class=\"wpcf7-form-control wpcf7-email wpcf7-validates-as-required wpcf7-text wpcf7-validates-as-email\" aria-required=\"true\" aria-invalid=\"false\" value=\"\" type=\"email\" name=\"your-email\" \/><\/span>\n<\/p>\n<p>Sujet\n<\/p>\n<p><span class=\"wpcf7-form-control-wrap\" data-name=\"your-subject\"><input size=\"40\" maxlength=\"400\" class=\"wpcf7-form-control wpcf7-text wpcf7-validates-as-required\" aria-required=\"true\" aria-invalid=\"false\" value=\"\" type=\"text\" name=\"your-subject\" \/><\/span>\n<\/p>\n<p>Votre message\n<\/p>\n<p><span class=\"wpcf7-form-control-wrap\" data-name=\"your-message\"><textarea cols=\"40\" rows=\"10\" maxlength=\"2000\" class=\"wpcf7-form-control wpcf7-textarea\" aria-invalid=\"false\" name=\"your-message\"><\/textarea><\/span>\n<\/p>\n<p><input class=\"wpcf7-form-control wpcf7-submit has-spinner\" type=\"submit\" value=\"Envoyer\" \/>\n<\/p><p style=\"display: none !important;\" class=\"akismet-fields-container\" data-prefix=\"_wpcf7_ak_\"><label>&#916;<textarea name=\"_wpcf7_ak_hp_textarea\" cols=\"45\" rows=\"8\" maxlength=\"100\"><\/textarea><\/label><input type=\"hidden\" id=\"ak_js_1\" name=\"_wpcf7_ak_js\" value=\"95\"\/><script>\ndocument.getElementById( \"ak_js_1\" ).setAttribute( \"value\", ( new Date() ).getTime() );\n<\/script>\n<\/p><div class=\"wpcf7-response-output\" aria-hidden=\"true\"><\/div>\n<\/form>\n<\/div>\n\n<p>NTX Research applique une politique de confidentialit\u00e9 sur ce site web. Les donn\u00e9es collect\u00e9es \u00e0 partir de ce formulaire sont uniquement utilis\u00e9es afin de traiter votre demande. Les champs avec un ast\u00e9risque sont obligatoires. Vos donn\u00e9es seront d\u00e9truites d\u00e8s la fin du traitement de votre demande. Vos donn\u00e9es sont transmises uniquement \u00e0 notre service en charge des demandes de contact. Vous disposez d\u2019un droit d\u2019acc\u00e8s, de rectification et d\u2019opposition aux donn\u00e9es vous concernant, ainsi que l\u2019exercice du droit \u00e0 l\u2019oubli, du droit \u00e0 la portabilit\u00e9 de vos donn\u00e9es et du droit \u00e0 la limitation du traitement. Vous pouvez exercer vos droits en nous contactant par courriel \u00e0 l&rsquo;adresse \u00ab\u00a0ntx@ntx-research.com\u00a0\u00bb.<\/p>\n","protected":false},"excerpt":{"rendered":"<p>Contactez-nous pour voir une d\u00e9monstration de Win RGPD Manager : Par courriel &gt; Pour informations g\u00e9n\u00e9rales : ntx@ntx-research.com &gt; Pour pr\u00e9senter votre projet : pascal.thoniel@ntx-research.com Par t\u00e9l\u00e9phone &gt; Appelez Pascal Thoniel au +33 (0)6 60 51 01 08 Par courrier postal NTX RESEARCH 111 AVENUE VICTOR HUGO 75116 PARIS Vous pouvez \u00e9galement nous faire parvenir [&hellip;]<\/p>\n","protected":false},"author":1,"featured_media":0,"parent":0,"menu_order":0,"comment_status":"closed","ping_status":"closed","template":"","meta":{"_vp_format_video_url":"","_vp_image_focal_point":[],"footnotes":""},"class_list":["post-13","page","type-page","status-publish","hentry"],"aioseo_notices":[],"_links":{"self":[{"href":"https:\/\/wrm.ntx-research.com\/index.php\/wp-json\/wp\/v2\/pages\/13","targetHints":{"allow":["GET"]}}],"collection":[{"href":"https:\/\/wrm.ntx-research.com\/index.php\/wp-json\/wp\/v2\/pages"}],"about":[{"href":"https:\/\/wrm.ntx-research.com\/index.php\/wp-json\/wp\/v2\/types\/page"}],"author":[{"embeddable":true,"href":"https:\/\/wrm.ntx-research.com\/index.php\/wp-json\/wp\/v2\/users\/1"}],"replies":[{"embeddable":true,"href":"https:\/\/wrm.ntx-research.com\/index.php\/wp-json\/wp\/v2\/comments?post=13"}],"version-history":[{"count":2,"href":"https:\/\/wrm.ntx-research.com\/index.php\/wp-json\/wp\/v2\/pages\/13\/revisions"}],"predecessor-version":[{"id":597,"href":"https:\/\/wrm.ntx-research.com\/index.php\/wp-json\/wp\/v2\/pages\/13\/revisions\/597"}],"wp:attachment":[{"href":"https:\/\/wrm.ntx-research.com\/index.php\/wp-json\/wp\/v2\/media?parent=13"}],"curies":[{"name":"wp","href":"https:\/\/api.w.org\/{rel}","templated":true}]}}