{"id":11,"date":"2015-03-27T13:02:23","date_gmt":"2015-03-27T12:02:23","guid":{"rendered":"http:\/\/joocool.com\/wp3\/?page_id=11"},"modified":"2023-07-28T12:04:47","modified_gmt":"2023-07-28T10:04:47","slug":"qui-sommes-nous","status":"publish","type":"page","link":"https:\/\/wrm.ntx-research.com\/index.php\/qui-sommes-nous\/","title":{"rendered":"Qui sommes-nous ?"},"content":{"rendered":"<p><strong>NTX Research<\/strong> est sp\u00e9cialis\u00e9 dans la cybers\u00e9curit\u00e9 des entreprises depuis plus de 20 ans. Nous d\u00e9veloppons nos logiciels de cybers\u00e9curit\u00e9 avec WinDev, l&rsquo;Atelier de G\u00e9nie Logiciel de 5\u00e8me g\u00e9n\u00e9ration le plus utilis\u00e9 en France.<\/p>\n<p><img fetchpriority=\"high\" decoding=\"async\" class=\"aligncenter size-medium wp-image-625\" src=\"https:\/\/wrm.ntx-research.com\/wp-content\/uploads\/2019\/02\/logo_societe-300x172.jpg\" alt=\"\" width=\"300\" height=\"172\" srcset=\"https:\/\/wrm.ntx-research.com\/wp-content\/uploads\/2019\/02\/logo_societe-300x172.jpg 300w, https:\/\/wrm.ntx-research.com\/wp-content\/uploads\/2019\/02\/logo_societe.jpg 512w\" sizes=\"(max-width: 300px) 100vw, 300px\" \/><\/p>\n<hr \/>\n<h4>Le Club WRM<\/h4>\n<p>Le club des utilisateurs du logiciel <strong>Win RGPD Manager<\/strong> \u00ab\u00a0Club WRM\u00a0\u00bb regroupe nos Clients qui souhaitent b\u00e9n\u00e9ficier des retours d&rsquo;exp\u00e9rience de l&rsquo;utilisation du logiciel. Ils b\u00e9n\u00e9ficient ainsi de l&rsquo;exp\u00e9rience d&rsquo;autres professionnels qui ont \u00e9t\u00e9 confront\u00e9s \u00e0 des cas pratiques.<\/p>\n<p>Le <strong>Club WRM<\/strong> permet \u00e9galement de remonter les bogues \u00e9ventuels et les demandes d&rsquo;am\u00e9lioration du logiciel qui seront pris en compte dans les versions \u00e0 venir.<\/p>\n<p>Le <strong>Club WRM<\/strong> est anim\u00e9 par son pr\u00e9sident, professionnel confirm\u00e9 de la cybers\u00e9curit\u00e9, du RGPD et premier utilisateur du logiciel <strong>Win RGPD Manager<\/strong>.<\/p>\n<hr \/>\n<p>Pour nous faire part de vos projets de mise en place du RGPD dans votre entreprise, contactez-nous :<br \/>\n&gt; Par courriel : <a href=\"mailto:pascal.thoniel@ntx-research.com\">pascal.thoniel@ntx-research.com<\/a><br \/>\n&gt; Par t\u00e9l\u00e9phone au +33 (0)6 60 51 01 08 (Pascal Thoniel)<\/p>\n<hr \/>\n<p>NTX Research<br \/>\nSA au capital de 53 842,81 \u20ac<br \/>\nRCS Paris 410 964 316<br \/>\nSi\u00e8ge social : 111 avenue Victor Hugo 75116 Paris<br \/>\nBureaux : 30 rue des Douves 86000 Poitiers<\/p>\n","protected":false},"excerpt":{"rendered":"<p>NTX Research est sp\u00e9cialis\u00e9 dans la cybers\u00e9curit\u00e9 des entreprises depuis plus de 20 ans. Nous d\u00e9veloppons nos logiciels de cybers\u00e9curit\u00e9 avec WinDev, l&rsquo;Atelier de G\u00e9nie Logiciel de 5\u00e8me g\u00e9n\u00e9ration le plus utilis\u00e9 en France. Le Club WRM Le club des utilisateurs du logiciel Win RGPD Manager \u00ab\u00a0Club WRM\u00a0\u00bb regroupe nos Clients qui souhaitent b\u00e9n\u00e9ficier des [&hellip;]<\/p>\n","protected":false},"author":1,"featured_media":0,"parent":0,"menu_order":0,"comment_status":"closed","ping_status":"closed","template":"","meta":{"_vp_format_video_url":"","_vp_image_focal_point":[],"footnotes":""},"class_list":["post-11","page","type-page","status-publish","hentry"],"aioseo_notices":[],"_links":{"self":[{"href":"https:\/\/wrm.ntx-research.com\/index.php\/wp-json\/wp\/v2\/pages\/11","targetHints":{"allow":["GET"]}}],"collection":[{"href":"https:\/\/wrm.ntx-research.com\/index.php\/wp-json\/wp\/v2\/pages"}],"about":[{"href":"https:\/\/wrm.ntx-research.com\/index.php\/wp-json\/wp\/v2\/types\/page"}],"author":[{"embeddable":true,"href":"https:\/\/wrm.ntx-research.com\/index.php\/wp-json\/wp\/v2\/users\/1"}],"replies":[{"embeddable":true,"href":"https:\/\/wrm.ntx-research.com\/index.php\/wp-json\/wp\/v2\/comments?post=11"}],"version-history":[{"count":5,"href":"https:\/\/wrm.ntx-research.com\/index.php\/wp-json\/wp\/v2\/pages\/11\/revisions"}],"predecessor-version":[{"id":738,"href":"https:\/\/wrm.ntx-research.com\/index.php\/wp-json\/wp\/v2\/pages\/11\/revisions\/738"}],"wp:attachment":[{"href":"https:\/\/wrm.ntx-research.com\/index.php\/wp-json\/wp\/v2\/media?parent=11"}],"curies":[{"name":"wp","href":"https:\/\/api.w.org\/{rel}","templated":true}]}}